{"id":7,"date":"2025-05-15T14:27:23","date_gmt":"2025-05-15T14:27:23","guid":{"rendered":"https:\/\/sectorportuario.actiontracker.eu\/?page_id=7"},"modified":"2025-05-30T18:52:26","modified_gmt":"2025-05-30T18:52:26","slug":"inicio","status":"publish","type":"page","link":"https:\/\/sectorportuario.actiontracker.eu\/","title":{"rendered":"Inicio Sector Portuario"},"content":{"rendered":"\t\t<div data-elementor-type=\"wp-post\" data-elementor-id=\"7\" class=\"elementor elementor-7\" data-elementor-post-type=\"page\">\n\t\t\t\t<div class=\"elementor-element elementor-element-198e9412 e-flex e-con-boxed e-con e-parent\" data-id=\"198e9412\" data-element_type=\"container\" data-settings=\"{&quot;background_background&quot;:&quot;classic&quot;}\">\n\t\t\t\t\t<div class=\"e-con-inner\">\n\t\t<div class=\"elementor-element elementor-element-56e5019e e-con-full e-flex e-con e-child\" data-id=\"56e5019e\" data-element_type=\"container\">\n\t\t<div class=\"elementor-element elementor-element-3d57f6e7 e-con-full e-flex e-con e-child\" data-id=\"3d57f6e7\" data-element_type=\"container\">\n\t\t<div class=\"elementor-element elementor-element-4fc709ac e-con-full e-flex e-con e-child\" data-id=\"4fc709ac\" data-element_type=\"container\">\n\t\t\t\t<div class=\"elementor-element elementor-element-79d2af7b elementor-widget elementor-widget-image\" data-id=\"79d2af7b\" data-element_type=\"widget\" data-widget_type=\"image.default\">\n\t\t\t\t<div class=\"elementor-widget-container\">\n\t\t\t\t\t\t\t\t\t\t\t\t\t\t\t<img decoding=\"async\" width=\"151\" height=\"44\" src=\"https:\/\/sectorportuario.actiontracker.eu\/wp-content\/uploads\/2025\/05\/Sin-titulo-1-26-2.png\" class=\"attachment-full size-full wp-image-11\" alt=\"\" \/>\t\t\t\t\t\t\t\t\t\t\t\t\t\t\t<\/div>\n\t\t\t\t<\/div>\n\t\t\t\t<\/div>\n\t\t<div class=\"elementor-element elementor-element-48187b3b e-con-full e-flex e-con e-child\" data-id=\"48187b3b\" data-element_type=\"container\">\n\t\t\t\t<div class=\"elementor-element elementor-element-33aa7040 elementor-widget elementor-widget-heading\" data-id=\"33aa7040\" data-element_type=\"widget\" data-widget_type=\"heading.default\">\n\t\t\t\t<div class=\"elementor-widget-container\">\n\t\t\t\t\t<h2 class=\"elementor-heading-title elementor-size-default\">Un ecosistema de soluciones para la<\/h2>\t\t\t\t<\/div>\n\t\t\t\t<\/div>\n\t\t\t\t<div class=\"elementor-element elementor-element-6095389a elementor-widget elementor-widget-heading\" data-id=\"6095389a\" data-element_type=\"widget\" data-widget_type=\"heading.default\">\n\t\t\t\t<div class=\"elementor-widget-container\">\n\t\t\t\t\t<h2 class=\"elementor-heading-title elementor-size-default\">La industria Mar\u00edtima<\/h2>\t\t\t\t<\/div>\n\t\t\t\t<\/div>\n\t\t\t\t<div class=\"elementor-element elementor-element-7e93f0c4 elementor-widget elementor-widget-button\" data-id=\"7e93f0c4\" data-element_type=\"widget\" data-widget_type=\"button.default\">\n\t\t\t\t<div class=\"elementor-widget-container\">\n\t\t\t\t\t\t\t\t\t<div class=\"elementor-button-wrapper\">\n\t\t\t\t\t<a class=\"elementor-button elementor-button-link elementor-size-sm\" href=\"https:\/\/actiontracker.eu\/contactenos\/\">\n\t\t\t\t\t\t<span class=\"elementor-button-content-wrapper\">\n\t\t\t\t\t\t\t\t\t<span class=\"elementor-button-text\">Quiero saber m\u00e1s<\/span>\n\t\t\t\t\t<\/span>\n\t\t\t\t\t<\/a>\n\t\t\t\t<\/div>\n\t\t\t\t\t\t\t\t<\/div>\n\t\t\t\t<\/div>\n\t\t\t\t<\/div>\n\t\t\t\t<\/div>\n\t\t\t\t<\/div>\n\t\t<div class=\"elementor-element elementor-element-61a61e59 e-con-full elementor-hidden-tablet elementor-hidden-mobile e-flex e-con e-child\" data-id=\"61a61e59\" data-element_type=\"container\">\n\t\t\t\t<\/div>\n\t\t\t\t\t<\/div>\n\t\t\t\t<\/div>\n\t\t<div class=\"elementor-element elementor-element-230c72b3 e-flex e-con-boxed e-con e-parent\" data-id=\"230c72b3\" data-element_type=\"container\">\n\t\t\t\t\t<div class=\"e-con-inner\">\n\t\t<div class=\"elementor-element elementor-element-7d4251c7 e-con-full e-flex e-con e-child\" data-id=\"7d4251c7\" data-element_type=\"container\" data-settings=\"{&quot;background_background&quot;:&quot;classic&quot;}\">\n\t\t<div class=\"elementor-element elementor-element-7139dc25 e-con-full e-flex e-con e-child\" data-id=\"7139dc25\" data-element_type=\"container\">\n\t\t\t\t<div class=\"elementor-element elementor-element-43f78e9d elementor-widget elementor-widget-heading\" data-id=\"43f78e9d\" data-element_type=\"widget\" data-widget_type=\"heading.default\">\n\t\t\t\t<div class=\"elementor-widget-container\">\n\t\t\t\t\t<h3 class=\"elementor-heading-title elementor-size-default\">A trav\u00e9s de una <span class=\"orange\">interfaz intuitiva<\/span> y conectividad avanzada,  <span class=\"orange\">permite un control y seguridad total <\/span> en el entorno de trabajo.<\/h3>\t\t\t\t<\/div>\n\t\t\t\t<\/div>\n\t\t\t\t<\/div>\n\t\t<div class=\"elementor-element elementor-element-5612b86d e-con-full e-flex e-con e-child\" data-id=\"5612b86d\" data-element_type=\"container\">\n\t\t\t\t<div class=\"elementor-element elementor-element-64a08141 elementor-widget elementor-widget-image\" data-id=\"64a08141\" data-element_type=\"widget\" data-widget_type=\"image.default\">\n\t\t\t\t<div class=\"elementor-widget-container\">\n\t\t\t\t\t\t\t\t\t\t\t\t\t\t\t<img fetchpriority=\"high\" decoding=\"async\" width=\"341\" height=\"537\" src=\"https:\/\/sectorportuario.actiontracker.eu\/wp-content\/uploads\/2025\/05\/Group-183-2.png\" class=\"attachment-medium_large size-medium_large wp-image-75\" alt=\"\" srcset=\"https:\/\/sectorportuario.actiontracker.eu\/wp-content\/uploads\/2025\/05\/Group-183-2.png 341w, https:\/\/sectorportuario.actiontracker.eu\/wp-content\/uploads\/2025\/05\/Group-183-2-191x300.png 191w\" sizes=\"(max-width: 341px) 100vw, 341px\" \/>\t\t\t\t\t\t\t\t\t\t\t\t\t\t\t<\/div>\n\t\t\t\t<\/div>\n\t\t\t\t<\/div>\n\t\t\t\t<\/div>\n\t\t\t\t\t<\/div>\n\t\t\t\t<\/div>\n\t\t<div class=\"elementor-element elementor-element-d57fb2c e-con-full e-flex e-con e-parent\" data-id=\"d57fb2c\" data-element_type=\"container\" data-settings=\"{&quot;background_background&quot;:&quot;classic&quot;}\">\n\t\t\t\t<\/div>\n\t\t<div class=\"elementor-element elementor-element-49b6d74f e-con-full e-flex e-con e-parent\" data-id=\"49b6d74f\" data-element_type=\"container\" data-settings=\"{&quot;background_background&quot;:&quot;classic&quot;}\">\n\t\t<div class=\"elementor-element elementor-element-7ee2a05a e-con-full e-flex e-con e-child\" data-id=\"7ee2a05a\" data-element_type=\"container\">\n\t\t\t\t<div class=\"elementor-element elementor-element-3876d912 elementor-widget elementor-widget-text-editor\" data-id=\"3876d912\" data-element_type=\"widget\" data-widget_type=\"text-editor.default\">\n\t\t\t\t<div class=\"elementor-widget-container\">\n\t\t\t\t\t\t\t\t\t<p class=\"\" data-start=\"222\" data-end=\"573\">Exocare ha sido dise\u00f1ada para<strong> responder<\/strong> a los <strong>desaf\u00edos operativos y de seguridad<\/strong> que enfrentan las<strong> operaciones mar\u00edtimas y portuarias<\/strong>. Su implementaci\u00f3n transforma la gesti\u00f3n de personal, equipos y tareas, ofreciendo beneficios concretos y medibles en t\u00e9rminos de seguridad, cumplimiento normativo, eficiencia operativa y sostenibilidad econ\u00f3mica.<\/p><p class=\"\" data-start=\"575\" data-end=\"868\">La <strong data-start=\"578\" data-end=\"611\">gesti\u00f3n inteligente de tareas<\/strong> permite asignar, supervisar y validar actividades en tiempo real, tanto para <strong data-start=\"689\" data-end=\"767\">personal propio como subcontratistas a bordo o en instalaciones portuarias<\/strong>, asegurando una trazabilidad completa y conforme a las normativas mar\u00edtimas y portuarias aplicables.<\/p><p class=\"\" data-start=\"870\" data-end=\"1234\">En <strong data-start=\"873\" data-end=\"900\">entornos de alto riesgo<\/strong>, el sistema de <strong data-start=\"916\" data-end=\"954\">alertas y protocolos automatizados<\/strong> permite un monitoreo continuo y respuestas inmediatas ante incidentes, <strong data-start=\"1026\" data-end=\"1070\">minimizando riesgos humanos y materiales<\/strong>, y reduciendo significativamente el impacto de <strong data-start=\"1118\" data-end=\"1175\">bajas laborales, paros operativos y sanciones legales<\/strong> por incumplimientos en seguridad y salud (PRL, HSE, HSQE).<\/p><p class=\"\" data-start=\"1236\" data-end=\"1519\">Gracias a su funcionalidad de <strong data-start=\"1266\" data-end=\"1300\">geolocalizaci\u00f3n en tiempo real<\/strong>, es posible conocer con precisi\u00f3n la ubicaci\u00f3n del personal mar\u00edtimo, cuadrillas t\u00e9cnicas, subcontratas y maquinaria naval o portuaria \u2014ya sea propia o alquilada\u2014 para\u00a0<strong>optimizar la log\u00edstica y el control operacional.<\/strong><br \/><br \/><br \/><\/p>\t\t\t\t\t\t\t\t<\/div>\n\t\t\t\t<\/div>\n\t\t\t\t<\/div>\n\t\t<div class=\"elementor-element elementor-element-783b6ade e-con-full e-flex e-con e-child\" data-id=\"783b6ade\" data-element_type=\"container\">\n\t\t\t\t<div class=\"elementor-element elementor-element-7e86cd10 elementor-widget elementor-widget-video\" data-id=\"7e86cd10\" data-element_type=\"widget\" data-settings=\"{&quot;youtube_url&quot;:&quot;https:\\\/\\\/www.youtube.com\\\/watch?v=hvnFYgEtAC4&quot;,&quot;video_type&quot;:&quot;youtube&quot;,&quot;controls&quot;:&quot;yes&quot;}\" data-widget_type=\"video.default\">\n\t\t\t\t<div class=\"elementor-widget-container\">\n\t\t\t\t\t\t\t<div class=\"elementor-wrapper elementor-open-inline\">\n\t\t\t<div class=\"elementor-video\"><\/div>\t\t<\/div>\n\t\t\t\t\t\t<\/div>\n\t\t\t\t<\/div>\n\t\t\t\t<\/div>\n\t\t\t\t<\/div>\n\t\t<div class=\"elementor-element elementor-element-41892324 e-flex e-con-boxed e-con e-parent\" data-id=\"41892324\" data-element_type=\"container\">\n\t\t\t\t\t<div class=\"e-con-inner\">\n\t\t<div class=\"elementor-element elementor-element-6de22155 e-con-full e-flex e-con e-child\" data-id=\"6de22155\" data-element_type=\"container\">\n\t\t\t\t<div class=\"elementor-element elementor-element-27df9817 elementor-widget elementor-widget-heading\" data-id=\"27df9817\" data-element_type=\"widget\" data-widget_type=\"heading.default\">\n\t\t\t\t<div class=\"elementor-widget-container\">\n\t\t\t\t\t<h3 class=\"elementor-heading-title elementor-size-default\"><b>Exocare es una aliada clave!<\/b> \npara optimizar recursos, proteger al equipo humano y garantizar la continuidad de las operaciones en los sectores m\u00e1s exigentes.<\/h3>\t\t\t\t<\/div>\n\t\t\t\t<\/div>\n\t\t\t\t<\/div>\n\t\t\t\t\t<\/div>\n\t\t\t\t<\/div>\n\t\t<div class=\"elementor-element elementor-element-293d6258 e-con-full e-flex e-con e-parent\" data-id=\"293d6258\" data-element_type=\"container\" data-settings=\"{&quot;background_background&quot;:&quot;classic&quot;}\">\n\t\t<div class=\"elementor-element elementor-element-3329fb1a e-con-full e-flex e-con e-child\" data-id=\"3329fb1a\" data-element_type=\"container\">\n\t\t\t\t<div class=\"elementor-element elementor-element-62bbc2a7 elementor-widget elementor-widget-heading\" data-id=\"62bbc2a7\" data-element_type=\"widget\" data-widget_type=\"heading.default\">\n\t\t\t\t<div class=\"elementor-widget-container\">\n\t\t\t\t\t<h2 class=\"elementor-heading-title elementor-size-default\">\u00bfBuscas seguridad para el personal y los bienes de tu empresa?<\/h2>\t\t\t\t<\/div>\n\t\t\t\t<\/div>\n\t\t\t\t<div class=\"elementor-element elementor-element-1fa3eed3 elementor-widget elementor-widget-heading\" data-id=\"1fa3eed3\" data-element_type=\"widget\" data-widget_type=\"heading.default\">\n\t\t\t\t<div class=\"elementor-widget-container\">\n\t\t\t\t\t<h2 class=\"elementor-heading-title elementor-size-default\">Cont\u00e1ctanos y recibe toda la informaci\u00f3n que necesitas<\/h2>\t\t\t\t<\/div>\n\t\t\t\t<\/div>\n\t\t\t\t<div class=\"elementor-element elementor-element-3b2827a7 elementor-widget elementor-widget-button\" data-id=\"3b2827a7\" data-element_type=\"widget\" data-widget_type=\"button.default\">\n\t\t\t\t<div class=\"elementor-widget-container\">\n\t\t\t\t\t\t\t\t\t<div class=\"elementor-button-wrapper\">\n\t\t\t\t\t<a class=\"elementor-button elementor-button-link elementor-size-sm\" href=\"https:\/\/actiontracker.eu\/contactenos\/\">\n\t\t\t\t\t\t<span class=\"elementor-button-content-wrapper\">\n\t\t\t\t\t\t\t\t\t<span class=\"elementor-button-text\">Contactar<\/span>\n\t\t\t\t\t<\/span>\n\t\t\t\t\t<\/a>\n\t\t\t\t<\/div>\n\t\t\t\t\t\t\t\t<\/div>\n\t\t\t\t<\/div>\n\t\t\t\t<\/div>\n\t\t\t\t<\/div>\n\t\t\t\t<\/div>\n\t\t","protected":false},"excerpt":{"rendered":"<p>Un ecosistema de soluciones para la La industria Mar\u00edtima Quiero saber m\u00e1s A trav\u00e9s de una interfaz intuitiva y conectividad [&hellip;]<\/p>\n","protected":false},"author":1,"featured_media":0,"parent":0,"menu_order":0,"comment_status":"closed","ping_status":"closed","template":"","meta":{"site-sidebar-layout":"no-sidebar","site-content-layout":"","ast-site-content-layout":"full-width-container","site-content-style":"default","site-sidebar-style":"default","ast-global-header-display":"","ast-banner-title-visibility":"","ast-main-header-display":"","ast-hfb-above-header-display":"","ast-hfb-below-header-display":"","ast-hfb-mobile-header-display":"","site-post-title":"disabled","ast-breadcrumbs-content":"","ast-featured-img":"disabled","footer-sml-layout":"","theme-transparent-header-meta":"","adv-header-id-meta":"","stick-header-meta":"","header-above-stick-meta":"","header-main-stick-meta":"","header-below-stick-meta":"","astra-migrate-meta-layouts":"default","ast-page-background-enabled":"default","ast-page-background-meta":{"desktop":{"background-color":"var(--ast-global-color-5)","background-image":"","background-repeat":"repeat","background-position":"center center","background-size":"auto","background-attachment":"scroll","background-type":"","background-media":"","overlay-type":"","overlay-color":"","overlay-opacity":"","overlay-gradient":""},"tablet":{"background-color":"","background-image":"","background-repeat":"repeat","background-position":"center center","background-size":"auto","background-attachment":"scroll","background-type":"","background-media":"","overlay-type":"","overlay-color":"","overlay-opacity":"","overlay-gradient":""},"mobile":{"background-color":"","background-image":"","background-repeat":"repeat","background-position":"center center","background-size":"auto","background-attachment":"scroll","background-type":"","background-media":"","overlay-type":"","overlay-color":"","overlay-opacity":"","overlay-gradient":""}},"ast-content-background-meta":{"desktop":{"background-color":"var(--ast-global-color-4)","background-image":"","background-repeat":"repeat","background-position":"center center","background-size":"auto","background-attachment":"scroll","background-type":"","background-media":"","overlay-type":"","overlay-color":"","overlay-opacity":"","overlay-gradient":""},"tablet":{"background-color":"var(--ast-global-color-4)","background-image":"","background-repeat":"repeat","background-position":"center center","background-size":"auto","background-attachment":"scroll","background-type":"","background-media":"","overlay-type":"","overlay-color":"","overlay-opacity":"","overlay-gradient":""},"mobile":{"background-color":"var(--ast-global-color-4)","background-image":"","background-repeat":"repeat","background-position":"center center","background-size":"auto","background-attachment":"scroll","background-type":"","background-media":"","overlay-type":"","overlay-color":"","overlay-opacity":"","overlay-gradient":""}},"footnotes":""},"class_list":["post-7","page","type-page","status-publish","hentry"],"jetpack_sharing_enabled":true,"_links":{"self":[{"href":"https:\/\/sectorportuario.actiontracker.eu\/index.php?rest_route=\/wp\/v2\/pages\/7","targetHints":{"allow":["GET"]}}],"collection":[{"href":"https:\/\/sectorportuario.actiontracker.eu\/index.php?rest_route=\/wp\/v2\/pages"}],"about":[{"href":"https:\/\/sectorportuario.actiontracker.eu\/index.php?rest_route=\/wp\/v2\/types\/page"}],"author":[{"embeddable":true,"href":"https:\/\/sectorportuario.actiontracker.eu\/index.php?rest_route=\/wp\/v2\/users\/1"}],"replies":[{"embeddable":true,"href":"https:\/\/sectorportuario.actiontracker.eu\/index.php?rest_route=%2Fwp%2Fv2%2Fcomments&post=7"}],"version-history":[{"count":39,"href":"https:\/\/sectorportuario.actiontracker.eu\/index.php?rest_route=\/wp\/v2\/pages\/7\/revisions"}],"predecessor-version":[{"id":139,"href":"https:\/\/sectorportuario.actiontracker.eu\/index.php?rest_route=\/wp\/v2\/pages\/7\/revisions\/139"}],"wp:attachment":[{"href":"https:\/\/sectorportuario.actiontracker.eu\/index.php?rest_route=%2Fwp%2Fv2%2Fmedia&parent=7"}],"curies":[{"name":"wp","href":"https:\/\/api.w.org\/{rel}","templated":true}]}}